{"id":429,"date":"2022-12-14T08:30:22","date_gmt":"2022-12-14T08:30:22","guid":{"rendered":"http:\/\/www.lelektrening.hu\/wp\/?page_id=429"},"modified":"2024-04-21T16:17:08","modified_gmt":"2024-04-21T16:17:08","slug":"komplex-transzformalo-asztrologia","status":"publish","type":"page","link":"https:\/\/www.lelektrening.hu\/?page_id=429","title":{"rendered":"Komplex Transzform\u00e1l\u00f3 Asztrol\u00f3gia oktat\u00e1s"},"content":{"rendered":"\t\t<div data-elementor-type=\"wp-page\" data-elementor-id=\"429\" class=\"elementor elementor-429\">\n\t\t\t\t\t\t<section class=\"elementor-section elementor-top-section elementor-element elementor-element-55f0291 elementor-section-boxed elementor-section-height-default elementor-section-height-default\" data-id=\"55f0291\" data-element_type=\"section\">\n\t\t\t\t\t\t<div class=\"elementor-container elementor-column-gap-default\">\n\t\t\t\t\t<div class=\"elementor-column elementor-col-100 elementor-top-column elementor-element elementor-element-72ef453\" data-id=\"72ef453\" data-element_type=\"column\">\n\t\t\t<div class=\"elementor-widget-wrap elementor-element-populated\">\n\t\t\t\t\t\t<div class=\"elementor-element elementor-element-b34524e elementor-widget elementor-widget-text-editor\" data-id=\"b34524e\" data-element_type=\"widget\" data-widget_type=\"text-editor.default\">\n\t\t\t\t<div class=\"elementor-widget-container\">\n\t\t\t\t\t\t\t<p>A kurzus 3 \u00e9ves, <em>online<\/em>\u00a0csoportos, heti egy alkalommal, m\u00e1sf\u00e9l \u00f3r\u00e1ban, az <strong>esti <\/strong>\u00f3r\u00e1kban.\u00a0<\/p><p>A hagyom\u00e1nyos asztrol\u00f3gia tud\u00e1sait \u00e9p\u00edtettem \u00f6ssze \u00f6nismereti \u00e9s pszichol\u00f3giai tud\u00e1sokkal, tov\u00e1bb\u00e1 a <a href=\"https:\/\/www.lelektrening.hu\/?page_id=441\"><em>m\u0171v\u00e9szetter\u00e1pia<\/em> <\/a>elemeivel is kombin\u00e1ltam, de ez ut\u00f3bbi csak jelz\u00e9sszer\u0171en, nem gy\u00f3gy\u00edt\u00f3, ink\u00e1bb \u00f6nismereti, harmoniz\u00e1l\u00f3 jelleggel \u00e9s fakultat\u00edv m\u00f3don van jelen. Az \u00e1ltalam k\u00e9pviselt asztrol\u00f3gia az el\u0151bb felsoroltak alapj\u00e1n komplex jelleg\u0171, els\u0151sorban szem\u00e9lyis\u00e9gelemz\u0151. K\u00e9rdez\u00e9si lehet\u0151s\u00e9g van, sok gyakorlatot tartalmaz. A bevezet\u0151 szakaszban sok <em>PPT <\/em>\u00e1bra seg\u00edti a tanulm\u00e1nyokat.<\/p><p>Egy\u00e9ni tanul\u00e1s is lehets\u00e9ges.<\/p><h2 style=\"text-align: center;\"><a href=\"https:\/\/www.lelektrening.hu\/?page_id=631\">\u00c1rak<\/a><\/h2>\t\t\t\t\t\t<\/div>\n\t\t\t\t<\/div>\n\t\t\t\t\t<\/div>\n\t\t<\/div>\n\t\t\t\t\t<\/div>\n\t\t<\/section>\n\t\t\t\t<section class=\"elementor-section elementor-top-section elementor-element elementor-element-c53e079 elementor-section-boxed elementor-section-height-default elementor-section-height-default\" data-id=\"c53e079\" data-element_type=\"section\">\n\t\t\t\t\t\t<div class=\"elementor-container elementor-column-gap-default\">\n\t\t\t\t\t<div class=\"elementor-column elementor-col-100 elementor-top-column elementor-element elementor-element-696ccf5\" data-id=\"696ccf5\" data-element_type=\"column\">\n\t\t\t<div class=\"elementor-widget-wrap elementor-element-populated\">\n\t\t\t\t\t\t<div class=\"elementor-element elementor-element-f9b9f08 elementor-align-center elementor-widget elementor-widget-button\" data-id=\"f9b9f08\" data-element_type=\"widget\" data-widget_type=\"button.default\">\n\t\t\t\t<div class=\"elementor-widget-container\">\n\t\t\t\t\t<div class=\"elementor-button-wrapper\">\n\t\t\t<a class=\"elementor-button elementor-button-link elementor-size-xl elementor-animation-grow\" href=\"https:\/\/www.lelektrening.hu\/?page_id=306\">\n\t\t\t\t\t\t<span class=\"elementor-button-content-wrapper\">\n\t\t\t\t\t\t\t\t\t<span class=\"elementor-button-text\">Tov\u00e1bb a jelentkez\u00e9shez<\/span>\n\t\t\t\t\t<\/span>\n\t\t\t\t\t<\/a>\n\t\t<\/div>\n\t\t\t\t<\/div>\n\t\t\t\t<\/div>\n\t\t\t\t\t<\/div>\n\t\t<\/div>\n\t\t\t\t\t<\/div>\n\t\t<\/section>\n\t\t\t\t<\/div>\n\t\t","protected":false},"excerpt":{"rendered":"<p>A kurzus 3 \u00e9ves, online\u00a0csoportos, heti egy alkalommal, m\u00e1sf\u00e9l \u00f3r\u00e1ban, az esti \u00f3r\u00e1kban.\u00a0 A hagyom\u00e1nyos asztrol\u00f3gia tud\u00e1sait \u00e9p\u00edtettem \u00f6ssze \u00f6nismereti \u00e9s pszichol\u00f3giai tud\u00e1sokkal, tov\u00e1bb\u00e1 a m\u0171v\u00e9szetter\u00e1pia elemeivel is kombin\u00e1ltam, de ez ut\u00f3bbi csak jelz\u00e9sszer\u0171en, nem gy\u00f3gy\u00edt\u00f3, ink\u00e1bb \u00f6nismereti, harmoniz\u00e1l\u00f3 jelleggel \u00e9s fakultat\u00edv m\u00f3don van jelen. Az \u00e1ltalam k\u00e9pviselt asztrol\u00f3gia az &hellip; <\/p>\n","protected":false},"author":3,"featured_media":0,"parent":0,"menu_order":0,"comment_status":"closed","ping_status":"closed","template":"","meta":{"_monsterinsights_skip_tracking":false,"_monsterinsights_sitenote_active":false,"_monsterinsights_sitenote_note":"","_monsterinsights_sitenote_category":0,"_s2mail":"yes","footnotes":""},"aioseo_notices":[],"_links":{"self":[{"href":"https:\/\/www.lelektrening.hu\/index.php?rest_route=\/wp\/v2\/pages\/429"}],"collection":[{"href":"https:\/\/www.lelektrening.hu\/index.php?rest_route=\/wp\/v2\/pages"}],"about":[{"href":"https:\/\/www.lelektrening.hu\/index.php?rest_route=\/wp\/v2\/types\/page"}],"author":[{"embeddable":true,"href":"https:\/\/www.lelektrening.hu\/index.php?rest_route=\/wp\/v2\/users\/3"}],"replies":[{"embeddable":true,"href":"https:\/\/www.lelektrening.hu\/index.php?rest_route=%2Fwp%2Fv2%2Fcomments&post=429"}],"version-history":[{"count":11,"href":"https:\/\/www.lelektrening.hu\/index.php?rest_route=\/wp\/v2\/pages\/429\/revisions"}],"predecessor-version":[{"id":900,"href":"https:\/\/www.lelektrening.hu\/index.php?rest_route=\/wp\/v2\/pages\/429\/revisions\/900"}],"wp:attachment":[{"href":"https:\/\/www.lelektrening.hu\/index.php?rest_route=%2Fwp%2Fv2%2Fmedia&parent=429"}],"curies":[{"name":"wp","href":"https:\/\/api.w.org\/{rel}","templated":true}]}}