{"id":438,"date":"2022-12-14T08:33:51","date_gmt":"2022-12-14T08:33:51","guid":{"rendered":"http:\/\/www.lelektrening.hu\/wp\/?page_id=438"},"modified":"2023-09-08T15:25:08","modified_gmt":"2023-09-08T15:25:08","slug":"onismereti-alomfejtes","status":"publish","type":"page","link":"https:\/\/www.lelektrening.hu\/?page_id=438","title":{"rendered":"\u00d6nismereti \u00e1lomfejt\u00e9s"},"content":{"rendered":"\t\t<div data-elementor-type=\"wp-page\" data-elementor-id=\"438\" class=\"elementor elementor-438\">\n\t\t\t\t\t\t<section class=\"elementor-section elementor-top-section elementor-element elementor-element-c368a77 elementor-section-boxed elementor-section-height-default elementor-section-height-default\" data-id=\"c368a77\" data-element_type=\"section\">\n\t\t\t\t\t\t<div class=\"elementor-container elementor-column-gap-default\">\n\t\t\t\t\t<div class=\"elementor-column elementor-col-100 elementor-top-column elementor-element elementor-element-ac92875\" data-id=\"ac92875\" data-element_type=\"column\">\n\t\t\t<div class=\"elementor-widget-wrap elementor-element-populated\">\n\t\t\t\t\t\t<div class=\"elementor-element elementor-element-2598c26 elementor-widget elementor-widget-text-editor\" data-id=\"2598c26\" data-element_type=\"widget\" data-widget_type=\"text-editor.default\">\n\t\t\t\t<div class=\"elementor-widget-container\">\n\t\t\t\t\t\t\t<p>\u00d6nismereti jelleg\u0171 \u00e1lomfejt\u00e9s C. G. Jung, sv\u00e1jci pszichoterapeuta munk\u00e1ss\u00e1g\u00e1ra alapozva.<br \/>Seg\u00edt a szem\u00e9lyis\u00e9g er\u0151ss\u00e9geinek, k\u00e9szs\u00e9geinek, k\u00e9pess\u00e9geinek felder\u00edt\u00e9s\u00e9ben, \u00e9letbeli elakad\u00e1sok, f\u00e1jdalmak old\u00e1s\u00e1ban, a r\u00e9m\u00e1lmok okainak kider\u00edt\u00e9s\u00e9ben. Annak is j\u00f3, akit \u201ecsak \u00fagy\u201d \u00e9rdekel a tudattalan, az \u00e1lmai vil\u00e1ga. Szorgalmas, gyakran \u00e1lmod\u00f3knak megfelel\u0151 m\u00f3dszer.<\/p><p>Lehet <em>szem\u00e9lyes<\/em> jelenl\u00e9t\u0171 \u00e9s <em>online<\/em> is.<\/p><p>\u00a0<\/p><h2 style=\"text-align: center;\"><a href=\"https:\/\/www.lelektrening.hu\/?page_id=631\">\u00c1rak<\/a><\/h2>\t\t\t\t\t\t<\/div>\n\t\t\t\t<\/div>\n\t\t\t\t\t<\/div>\n\t\t<\/div>\n\t\t\t\t\t<\/div>\n\t\t<\/section>\n\t\t\t\t<section class=\"elementor-section elementor-top-section elementor-element elementor-element-eb46b8a elementor-section-boxed elementor-section-height-default elementor-section-height-default\" data-id=\"eb46b8a\" data-element_type=\"section\">\n\t\t\t\t\t\t<div class=\"elementor-container elementor-column-gap-default\">\n\t\t\t\t\t<div class=\"elementor-column elementor-col-100 elementor-top-column elementor-element elementor-element-88fbac5\" data-id=\"88fbac5\" data-element_type=\"column\">\n\t\t\t<div class=\"elementor-widget-wrap elementor-element-populated\">\n\t\t\t\t\t\t<div class=\"elementor-element elementor-element-6ed154e elementor-align-center elementor-widget elementor-widget-button\" data-id=\"6ed154e\" data-element_type=\"widget\" data-widget_type=\"button.default\">\n\t\t\t\t<div class=\"elementor-widget-container\">\n\t\t\t\t\t<div class=\"elementor-button-wrapper\">\n\t\t\t<a class=\"elementor-button elementor-button-link elementor-size-xl elementor-animation-grow\" href=\"https:\/\/www.lelektrening.hu\/?page_id=306\">\n\t\t\t\t\t\t<span class=\"elementor-button-content-wrapper\">\n\t\t\t\t\t\t\t\t\t<span class=\"elementor-button-text\">Tov\u00e1bb a jelentkez\u00e9shez<\/span>\n\t\t\t\t\t<\/span>\n\t\t\t\t\t<\/a>\n\t\t<\/div>\n\t\t\t\t<\/div>\n\t\t\t\t<\/div>\n\t\t\t\t\t<\/div>\n\t\t<\/div>\n\t\t\t\t\t<\/div>\n\t\t<\/section>\n\t\t\t\t<\/div>\n\t\t","protected":false},"excerpt":{"rendered":"<p>\u00d6nismereti jelleg\u0171 \u00e1lomfejt\u00e9s C. G. Jung, sv\u00e1jci pszichoterapeuta munk\u00e1ss\u00e1g\u00e1ra alapozva.Seg\u00edt a szem\u00e9lyis\u00e9g er\u0151ss\u00e9geinek, k\u00e9szs\u00e9geinek, k\u00e9pess\u00e9geinek felder\u00edt\u00e9s\u00e9ben, \u00e9letbeli elakad\u00e1sok, f\u00e1jdalmak old\u00e1s\u00e1ban, a r\u00e9m\u00e1lmok okainak kider\u00edt\u00e9s\u00e9ben. Annak is j\u00f3, akit \u201ecsak \u00fagy\u201d \u00e9rdekel a tudattalan, az \u00e1lmai vil\u00e1ga. Szorgalmas, gyakran \u00e1lmod\u00f3knak megfelel\u0151 m\u00f3dszer. Lehet szem\u00e9lyes jelenl\u00e9t\u0171 \u00e9s online is. \u00a0 \u00c1rak Tov\u00e1bb &hellip; <\/p>\n","protected":false},"author":3,"featured_media":0,"parent":0,"menu_order":0,"comment_status":"closed","ping_status":"closed","template":"","meta":{"_monsterinsights_skip_tracking":false,"_monsterinsights_sitenote_active":false,"_monsterinsights_sitenote_note":"","_monsterinsights_sitenote_category":0,"_s2mail":"yes","footnotes":""},"aioseo_notices":[],"_links":{"self":[{"href":"https:\/\/www.lelektrening.hu\/index.php?rest_route=\/wp\/v2\/pages\/438"}],"collection":[{"href":"https:\/\/www.lelektrening.hu\/index.php?rest_route=\/wp\/v2\/pages"}],"about":[{"href":"https:\/\/www.lelektrening.hu\/index.php?rest_route=\/wp\/v2\/types\/page"}],"author":[{"embeddable":true,"href":"https:\/\/www.lelektrening.hu\/index.php?rest_route=\/wp\/v2\/users\/3"}],"replies":[{"embeddable":true,"href":"https:\/\/www.lelektrening.hu\/index.php?rest_route=%2Fwp%2Fv2%2Fcomments&post=438"}],"version-history":[{"count":20,"href":"https:\/\/www.lelektrening.hu\/index.php?rest_route=\/wp\/v2\/pages\/438\/revisions"}],"predecessor-version":[{"id":765,"href":"https:\/\/www.lelektrening.hu\/index.php?rest_route=\/wp\/v2\/pages\/438\/revisions\/765"}],"wp:attachment":[{"href":"https:\/\/www.lelektrening.hu\/index.php?rest_route=%2Fwp%2Fv2%2Fmedia&parent=438"}],"curies":[{"name":"wp","href":"https:\/\/api.w.org\/{rel}","templated":true}]}}