{"id":464,"date":"2022-12-14T08:50:36","date_gmt":"2022-12-14T08:50:36","guid":{"rendered":"http:\/\/www.lelektrening.hu\/wp\/?page_id=464"},"modified":"2023-02-06T09:27:12","modified_gmt":"2023-02-06T09:27:12","slug":"konyveim","status":"publish","type":"page","link":"https:\/\/www.lelektrening.hu\/?page_id=464","title":{"rendered":"K\u00f6nyveim"},"content":{"rendered":"\t\t<div data-elementor-type=\"wp-page\" data-elementor-id=\"464\" class=\"elementor elementor-464\">\n\t\t\t\t\t\t<section class=\"elementor-section elementor-top-section elementor-element elementor-element-a51b56e elementor-section-boxed elementor-section-height-default elementor-section-height-default\" data-id=\"a51b56e\" data-element_type=\"section\" data-settings=\"{&quot;background_background&quot;:&quot;gradient&quot;}\">\n\t\t\t\t\t\t<div class=\"elementor-container elementor-column-gap-default\">\n\t\t\t\t\t<div class=\"elementor-column elementor-col-100 elementor-top-column elementor-element elementor-element-f07c067\" data-id=\"f07c067\" data-element_type=\"column\">\n\t\t\t<div class=\"elementor-widget-wrap elementor-element-populated\">\n\t\t\t\t\t\t<div class=\"elementor-element elementor-element-f4846f5 elementor-view-stacked elementor-shape-circle elementor-widget elementor-widget-icon\" data-id=\"f4846f5\" data-element_type=\"widget\" data-widget_type=\"icon.default\">\n\t\t\t\t<div class=\"elementor-widget-container\">\n\t\t\t\t\t<div class=\"elementor-icon-wrapper\">\n\t\t\t<div class=\"elementor-icon\">\n\t\t\t<i aria-hidden=\"true\" class=\"fas fa-book-open\"><\/i>\t\t\t<\/div>\n\t\t<\/div>\n\t\t\t\t<\/div>\n\t\t\t\t<\/div>\n\t\t\t\t<div class=\"elementor-element elementor-element-d7ab1aa elementor-widget elementor-widget-counter\" data-id=\"d7ab1aa\" data-element_type=\"widget\" data-widget_type=\"counter.default\">\n\t\t\t\t<div class=\"elementor-widget-container\">\n\t\t\t\t\t<div class=\"elementor-counter\">\n\t\t\t<div class=\"elementor-counter-title\">Eladott p\u00e9ld\u00e1ny<\/div>\t\t\t<div class=\"elementor-counter-number-wrapper\">\n\t\t\t\t<span class=\"elementor-counter-number-prefix\"><\/span>\n\t\t\t\t<span class=\"elementor-counter-number\" data-duration=\"4000\" data-to-value=\"5000\" data-from-value=\"0\" data-delimiter=\" \">0<\/span>\n\t\t\t\t<span class=\"elementor-counter-number-suffix\"><\/span>\n\t\t\t<\/div>\n\t\t<\/div>\n\t\t\t\t<\/div>\n\t\t\t\t<\/div>\n\t\t\t\t\t<\/div>\n\t\t<\/div>\n\t\t\t\t\t<\/div>\n\t\t<\/section>\n\t\t\t\t<section class=\"elementor-section elementor-top-section elementor-element elementor-element-42b750a elementor-section-boxed elementor-section-height-default elementor-section-height-default\" data-id=\"42b750a\" data-element_type=\"section\">\n\t\t\t\t\t\t<div class=\"elementor-container elementor-column-gap-default\">\n\t\t\t\t\t<div class=\"elementor-column elementor-col-100 elementor-top-column elementor-element elementor-element-2c97e0f\" data-id=\"2c97e0f\" data-element_type=\"column\">\n\t\t\t<div class=\"elementor-widget-wrap elementor-element-populated\">\n\t\t\t\t\t\t<div class=\"elementor-element elementor-element-3816a52 elementor-widget elementor-widget-image\" data-id=\"3816a52\" data-element_type=\"widget\" data-widget_type=\"image.default\">\n\t\t\t\t<div class=\"elementor-widget-container\">\n\t\t\t\t\t\t\t\t\t\t<figure class=\"wp-caption\">\n\t\t\t\t\t\t\t\t\t\t<img fetchpriority=\"high\" decoding=\"async\" width=\"300\" height=\"482\" src=\"https:\/\/www.lelektrening.hu\/wp-content\/uploads\/2010\/04\/konyv_300.jpg\" class=\"attachment-large size-large wp-image-10\" alt=\"\u00c1lmaink t\u00fckr\u00e9ben\" srcset=\"https:\/\/www.lelektrening.hu\/wp-content\/uploads\/2010\/04\/konyv_300.jpg 300w, https:\/\/www.lelektrening.hu\/wp-content\/uploads\/2010\/04\/konyv_300-186x300.jpg 186w\" sizes=\"(max-width: 300px) 100vw, 300px\" \/>\t\t\t\t\t\t\t\t\t\t\t<figcaption class=\"widget-image-caption wp-caption-text\">\u00c1lmaink t\u00fckr\u00e9ben. \u00c1lomfejt\u0151-\u00f6nismereti k\u00e9zik\u00f6nyv \u00e9s sz\u00f3t\u00e1r, Urbis Kiad\u00f3, Bp., 2007<\/figcaption>\n\t\t\t\t\t\t\t\t\t\t<\/figure>\n\t\t\t\t\t\t\t<\/div>\n\t\t\t\t<\/div>\n\t\t\t\t\t<\/div>\n\t\t<\/div>\n\t\t\t\t\t<\/div>\n\t\t<\/section>\n\t\t\t\t<section class=\"elementor-section elementor-top-section elementor-element elementor-element-5daf2db elementor-section-boxed elementor-section-height-default elementor-section-height-default\" data-id=\"5daf2db\" data-element_type=\"section\">\n\t\t\t\t\t\t<div class=\"elementor-container elementor-column-gap-default\">\n\t\t\t\t\t<div class=\"elementor-column elementor-col-100 elementor-top-column elementor-element elementor-element-92a2122\" data-id=\"92a2122\" data-element_type=\"column\">\n\t\t\t<div class=\"elementor-widget-wrap elementor-element-populated\">\n\t\t\t\t\t\t<div class=\"elementor-element elementor-element-53ab627 elementor-widget elementor-widget-image\" data-id=\"53ab627\" data-element_type=\"widget\" data-widget_type=\"image.default\">\n\t\t\t\t<div class=\"elementor-widget-container\">\n\t\t\t\t\t\t\t\t\t\t<figure class=\"wp-caption\">\n\t\t\t\t\t\t\t\t\t\t<img decoding=\"async\" width=\"413\" height=\"600\" src=\"https:\/\/www.lelektrening.hu\/wp-content\/uploads\/2023\/02\/kep.jpg\" class=\"attachment-large size-large wp-image-534\" alt=\"\" srcset=\"https:\/\/www.lelektrening.hu\/wp-content\/uploads\/2023\/02\/kep.jpg 413w, https:\/\/www.lelektrening.hu\/wp-content\/uploads\/2023\/02\/kep-207x300.jpg 207w, https:\/\/www.lelektrening.hu\/wp-content\/uploads\/2023\/02\/kep-41x60.jpg 41w\" sizes=\"(max-width: 413px) 100vw, 413px\" \/>\t\t\t\t\t\t\t\t\t\t\t<figcaption class=\"widget-image-caption wp-caption-text\">\u00c1lomfejt\u0151-\u00f6nismereti k\u00e9zik\u00f6nyv \u00e9s sz\u00f3t\u00e1r. F\u00e9lelmeink \u00e9s v\u00e1gyaink \u00e1lmaink t\u00fckr\u00e9ben, \u00c1tdolgozott kiad\u00e1s, Kossuth Kiad\u00f3, Bp., 2017.<\/figcaption>\n\t\t\t\t\t\t\t\t\t\t<\/figure>\n\t\t\t\t\t\t\t<\/div>\n\t\t\t\t<\/div>\n\t\t\t\t\t<\/div>\n\t\t<\/div>\n\t\t\t\t\t<\/div>\n\t\t<\/section>\n\t\t\t\t<section class=\"elementor-section elementor-top-section elementor-element elementor-element-cbad795 elementor-section-boxed elementor-section-height-default elementor-section-height-default\" data-id=\"cbad795\" data-element_type=\"section\">\n\t\t\t\t\t\t<div class=\"elementor-container elementor-column-gap-default\">\n\t\t\t\t\t<div class=\"elementor-column elementor-col-100 elementor-top-column elementor-element elementor-element-cc8ad0b\" data-id=\"cc8ad0b\" data-element_type=\"column\">\n\t\t\t<div class=\"elementor-widget-wrap elementor-element-populated\">\n\t\t\t\t\t\t<div class=\"elementor-element elementor-element-af8ebaf elementor-widget elementor-widget-image\" data-id=\"af8ebaf\" data-element_type=\"widget\" data-widget_type=\"image.default\">\n\t\t\t\t<div class=\"elementor-widget-container\">\n\t\t\t\t\t\t\t\t\t\t<figure class=\"wp-caption\">\n\t\t\t\t\t\t\t\t\t\t<img decoding=\"async\" width=\"340\" height=\"453\" src=\"https:\/\/www.lelektrening.hu\/wp-content\/uploads\/2023\/02\/2593472.jpg\" class=\"attachment-large size-large wp-image-535\" alt=\"\" srcset=\"https:\/\/www.lelektrening.hu\/wp-content\/uploads\/2023\/02\/2593472.jpg 340w, https:\/\/www.lelektrening.hu\/wp-content\/uploads\/2023\/02\/2593472-225x300.jpg 225w, https:\/\/www.lelektrening.hu\/wp-content\/uploads\/2023\/02\/2593472-45x60.jpg 45w\" sizes=\"(max-width: 340px) 100vw, 340px\" \/>\t\t\t\t\t\t\t\t\t\t\t<figcaption class=\"widget-image-caption wp-caption-text\">Lepkesz\u00e1rnyak keresztjeid, Alterra Kiad\u00f3, Bp., 1996<\/figcaption>\n\t\t\t\t\t\t\t\t\t\t<\/figure>\n\t\t\t\t\t\t\t<\/div>\n\t\t\t\t<\/div>\n\t\t\t\t\t<\/div>\n\t\t<\/div>\n\t\t\t\t\t<\/div>\n\t\t<\/section>\n\t\t\t\t<\/div>\n\t\t","protected":false},"excerpt":{"rendered":"<p>0 Eladott p\u00e9ld\u00e1ny \u00c1lmaink t\u00fckr\u00e9ben. \u00c1lomfejt\u0151-\u00f6nismereti k\u00e9zik\u00f6nyv \u00e9s sz\u00f3t\u00e1r, Urbis Kiad\u00f3, Bp., 2007 \u00c1lomfejt\u0151-\u00f6nismereti k\u00e9zik\u00f6nyv \u00e9s sz\u00f3t\u00e1r. F\u00e9lelmeink \u00e9s v\u00e1gyaink \u00e1lmaink t\u00fckr\u00e9ben, \u00c1tdolgozott kiad\u00e1s, Kossuth Kiad\u00f3, Bp., 2017. Lepkesz\u00e1rnyak keresztjeid, Alterra Kiad\u00f3, Bp., 1996<\/p>\n","protected":false},"author":3,"featured_media":0,"parent":0,"menu_order":0,"comment_status":"closed","ping_status":"closed","template":"","meta":{"_monsterinsights_skip_tracking":false,"_monsterinsights_sitenote_active":false,"_monsterinsights_sitenote_note":"","_monsterinsights_sitenote_category":0,"_s2mail":"yes","footnotes":""},"aioseo_notices":[],"_links":{"self":[{"href":"https:\/\/www.lelektrening.hu\/index.php?rest_route=\/wp\/v2\/pages\/464"}],"collection":[{"href":"https:\/\/www.lelektrening.hu\/index.php?rest_route=\/wp\/v2\/pages"}],"about":[{"href":"https:\/\/www.lelektrening.hu\/index.php?rest_route=\/wp\/v2\/types\/page"}],"author":[{"embeddable":true,"href":"https:\/\/www.lelektrening.hu\/index.php?rest_route=\/wp\/v2\/users\/3"}],"replies":[{"embeddable":true,"href":"https:\/\/www.lelektrening.hu\/index.php?rest_route=%2Fwp%2Fv2%2Fcomments&post=464"}],"version-history":[{"count":10,"href":"https:\/\/www.lelektrening.hu\/index.php?rest_route=\/wp\/v2\/pages\/464\/revisions"}],"predecessor-version":[{"id":542,"href":"https:\/\/www.lelektrening.hu\/index.php?rest_route=\/wp\/v2\/pages\/464\/revisions\/542"}],"wp:attachment":[{"href":"https:\/\/www.lelektrening.hu\/index.php?rest_route=%2Fwp%2Fv2%2Fmedia&parent=464"}],"curies":[{"name":"wp","href":"https:\/\/api.w.org\/{rel}","templated":true}]}}