{"id":547,"date":"2023-02-06T13:27:15","date_gmt":"2023-02-06T13:27:15","guid":{"rendered":"http:\/\/www.lelektrening.hu\/wp\/?page_id=547"},"modified":"2023-09-08T14:59:24","modified_gmt":"2023-09-08T14:59:24","slug":"asztrologiai-konzultacio","status":"publish","type":"page","link":"https:\/\/www.lelektrening.hu\/?page_id=547","title":{"rendered":"Asztrol\u00f3giai konzult\u00e1ci\u00f3"},"content":{"rendered":"\t\t<div data-elementor-type=\"wp-page\" data-elementor-id=\"547\" class=\"elementor elementor-547\">\n\t\t\t\t\t\t<section class=\"elementor-section elementor-top-section elementor-element elementor-element-2386478 elementor-section-boxed elementor-section-height-default elementor-section-height-default\" data-id=\"2386478\" data-element_type=\"section\">\n\t\t\t\t\t\t<div class=\"elementor-container elementor-column-gap-default\">\n\t\t\t\t\t<div class=\"elementor-column elementor-col-100 elementor-top-column elementor-element elementor-element-c3c87a3\" data-id=\"c3c87a3\" data-element_type=\"column\">\n\t\t\t<div class=\"elementor-widget-wrap elementor-element-populated\">\n\t\t\t\t\t\t<div class=\"elementor-element elementor-element-5e6bc1e elementor-widget elementor-widget-text-editor\" data-id=\"5e6bc1e\" data-element_type=\"widget\" data-widget_type=\"text-editor.default\">\n\t\t\t\t<div class=\"elementor-widget-container\">\n\t\t\t\t\t\t\t<p>\u00d6nismereti jelleg\u0171. Seg\u00edt a szem\u00e9lyis\u00e9g er\u0151ss\u00e9geinek, k\u00e9szs\u00e9geinek, k\u00e9pess\u00e9geinek felder\u00edt\u00e9s\u00e9ben, neh\u00e9zs\u00e9gei tudatos\u00edt\u00e1s\u00e1ban. Ez ut\u00f3bbiak old\u00e1s\u00e1t egy\u00fctt keress\u00fck meg.<br \/>P\u00e1rv\u00e1laszt\u00e1si dilemm\u00e1hoz is seg\u00edt\u0151 megold\u00e1s, tov\u00e1bb\u00e1 p\u00e1lyav\u00e1laszt\u00e1shoz is.<\/p><p>Lehet <em>szem\u00e9lyes<\/em> jelenl\u00e9t\u0171 \u00e9s <em>online<\/em> is.<\/p><p>K\u00e9t r\u00e9szb\u0151l \u00e1ll: a megkapott adatok (sz\u00fclet\u00e9s helye, ideje percre pontosan) alapj\u00e1n elk\u00e9sz\u00edtem a k\u00e9pletet, annak alap \u00e9s pszichol\u00f3giai jelleg\u0171 elemz\u00e9s\u00e9t (kb. 4-5 \u00f3rai h\u00e1tt\u00e9rmunka), \u00e9s a tov\u00e1bbiakban \u00f6ssze\u00fcl\u00fcnk \u00e9l\u0151ben vagy online egy kb. egy-m\u00e1sf\u00e9l \u00f3r\u00e1s megbesz\u00e9l\u00e9sre.<\/p><p>A Javasokn\u00e1l (Mireisz L\u00e1szl\u00f3, a Buddhista Egyetem igazgat\u00f3ja, Kov\u00e1cs G\u00e1bor, Persze Kriszti\u00e1n) tanultam \u00e9s vizsg\u00e1ztam 2006-ban.<\/p><h2 style=\"text-align: center;\"><a href=\"https:\/\/www.lelektrening.hu\/?page_id=631\"><strong>\u00c1rak<\/strong><\/a><\/h2><h3 style=\"text-align: center;\">***<\/h3><p>Az asztrol\u00f3giai konzult\u00e1ci\u00f3 \u2013 ig\u00e9ny szerint \u2013 k\u00e9s\u0151bb kieg\u00e9sz\u00edthet\u0151 ter\u00e1pi\u00e1s jelleg\u0171 egy\u00e9ni konzult\u00e1ci\u00f3kkal, ahol egy\u00fctt feldolgozzuk, ami kider\u00fclt a k\u00e9pletb\u0151l \u00e9s probl\u00e9m\u00e1s.<\/p>\t\t\t\t\t\t<\/div>\n\t\t\t\t<\/div>\n\t\t\t\t\t<\/div>\n\t\t<\/div>\n\t\t\t\t\t<\/div>\n\t\t<\/section>\n\t\t\t\t<section class=\"elementor-section elementor-top-section elementor-element elementor-element-a0bcd3d elementor-section-boxed elementor-section-height-default elementor-section-height-default\" data-id=\"a0bcd3d\" data-element_type=\"section\">\n\t\t\t\t\t\t<div class=\"elementor-container elementor-column-gap-default\">\n\t\t\t\t\t<div class=\"elementor-column elementor-col-100 elementor-top-column elementor-element elementor-element-8abb461\" data-id=\"8abb461\" data-element_type=\"column\">\n\t\t\t<div class=\"elementor-widget-wrap elementor-element-populated\">\n\t\t\t\t\t\t<div class=\"elementor-element elementor-element-d552934 elementor-align-center elementor-widget elementor-widget-button\" data-id=\"d552934\" data-element_type=\"widget\" data-widget_type=\"button.default\">\n\t\t\t\t<div class=\"elementor-widget-container\">\n\t\t\t\t\t<div class=\"elementor-button-wrapper\">\n\t\t\t<a class=\"elementor-button elementor-button-link elementor-size-xl elementor-animation-grow\" href=\"https:\/\/www.lelektrening.hu\/?page_id=306\">\n\t\t\t\t\t\t<span class=\"elementor-button-content-wrapper\">\n\t\t\t\t\t\t\t\t\t<span class=\"elementor-button-text\">Tov\u00e1bb a jelentkez\u00e9shez<\/span>\n\t\t\t\t\t<\/span>\n\t\t\t\t\t<\/a>\n\t\t<\/div>\n\t\t\t\t<\/div>\n\t\t\t\t<\/div>\n\t\t\t\t\t<\/div>\n\t\t<\/div>\n\t\t\t\t\t<\/div>\n\t\t<\/section>\n\t\t\t\t<\/div>\n\t\t","protected":false},"excerpt":{"rendered":"<p>\u00d6nismereti jelleg\u0171. Seg\u00edt a szem\u00e9lyis\u00e9g er\u0151ss\u00e9geinek, k\u00e9szs\u00e9geinek, k\u00e9pess\u00e9geinek felder\u00edt\u00e9s\u00e9ben, neh\u00e9zs\u00e9gei tudatos\u00edt\u00e1s\u00e1ban. Ez ut\u00f3bbiak old\u00e1s\u00e1t egy\u00fctt keress\u00fck meg.P\u00e1rv\u00e1laszt\u00e1si dilemm\u00e1hoz is seg\u00edt\u0151 megold\u00e1s, tov\u00e1bb\u00e1 p\u00e1lyav\u00e1laszt\u00e1shoz is. Lehet szem\u00e9lyes jelenl\u00e9t\u0171 \u00e9s online is. K\u00e9t r\u00e9szb\u0151l \u00e1ll: a megkapott adatok (sz\u00fclet\u00e9s helye, ideje percre pontosan) alapj\u00e1n elk\u00e9sz\u00edtem a k\u00e9pletet, annak alap \u00e9s pszichol\u00f3giai jelleg\u0171 &hellip; <\/p>\n","protected":false},"author":3,"featured_media":0,"parent":0,"menu_order":0,"comment_status":"closed","ping_status":"closed","template":"","meta":{"_monsterinsights_skip_tracking":false,"_monsterinsights_sitenote_active":false,"_monsterinsights_sitenote_note":"","_monsterinsights_sitenote_category":0,"_s2mail":"yes","footnotes":""},"aioseo_notices":[],"_links":{"self":[{"href":"https:\/\/www.lelektrening.hu\/index.php?rest_route=\/wp\/v2\/pages\/547"}],"collection":[{"href":"https:\/\/www.lelektrening.hu\/index.php?rest_route=\/wp\/v2\/pages"}],"about":[{"href":"https:\/\/www.lelektrening.hu\/index.php?rest_route=\/wp\/v2\/types\/page"}],"author":[{"embeddable":true,"href":"https:\/\/www.lelektrening.hu\/index.php?rest_route=\/wp\/v2\/users\/3"}],"replies":[{"embeddable":true,"href":"https:\/\/www.lelektrening.hu\/index.php?rest_route=%2Fwp%2Fv2%2Fcomments&post=547"}],"version-history":[{"count":29,"href":"https:\/\/www.lelektrening.hu\/index.php?rest_route=\/wp\/v2\/pages\/547\/revisions"}],"predecessor-version":[{"id":977,"href":"https:\/\/www.lelektrening.hu\/index.php?rest_route=\/wp\/v2\/pages\/547\/revisions\/977"}],"wp:attachment":[{"href":"https:\/\/www.lelektrening.hu\/index.php?rest_route=%2Fwp%2Fv2%2Fmedia&parent=547"}],"curies":[{"name":"wp","href":"https:\/\/api.w.org\/{rel}","templated":true}]}}