{"id":548,"date":"2023-02-06T13:27:15","date_gmt":"2023-02-06T13:27:15","guid":{"rendered":"http:\/\/www.lelektrening.hu\/wp\/?page_id=548"},"modified":"2023-09-08T14:58:19","modified_gmt":"2023-09-08T14:58:19","slug":"atbeszelni-a-dolgaimat","status":"publish","type":"page","link":"https:\/\/www.lelektrening.hu\/?page_id=548","title":{"rendered":"&#8220;\u00c1tbesz\u00e9lni a dolgaimat&#8221;"},"content":{"rendered":"\t\t<div data-elementor-type=\"wp-page\" data-elementor-id=\"548\" class=\"elementor elementor-548\">\n\t\t\t\t\t\t<section class=\"elementor-section elementor-top-section elementor-element elementor-element-ae5fc20 elementor-section-boxed elementor-section-height-default elementor-section-height-default\" data-id=\"ae5fc20\" data-element_type=\"section\">\n\t\t\t\t\t\t<div class=\"elementor-container elementor-column-gap-default\">\n\t\t\t\t\t<div class=\"elementor-column elementor-col-100 elementor-top-column elementor-element elementor-element-352a2d7\" data-id=\"352a2d7\" data-element_type=\"column\">\n\t\t\t<div class=\"elementor-widget-wrap elementor-element-populated\">\n\t\t\t\t\t\t<div class=\"elementor-element elementor-element-82f30ab elementor-widget elementor-widget-text-editor\" data-id=\"82f30ab\" data-element_type=\"widget\" data-widget_type=\"text-editor.default\">\n\t\t\t\t<div class=\"elementor-widget-container\">\n\t\t\t\t\t\t\t<p>Olykor el\u00e9g egy nyitott f\u00fcl, \u00e9rt\u0151 sz\u00edv \u00e9s a hangos kimond\u00e1s ahhoz, hogy benn\u00fcnk sz\u00e9pen elrendez\u0151djenek a dolgok.<\/p><h2 style=\"text-align: center;\"><a href=\"https:\/\/www.lelektrening.hu\/?page_id=631\">\u00c1rak<\/a><\/h2><h3 style=\"text-align: center;\"><strong>***<\/strong><\/h3><p>Mindez \u2013 ig\u00e9ny szerint \u2013 k\u00e9s\u0151bb kieg\u00e9sz\u00edthet\u0151 ter\u00e1pi\u00e1s jelleg\u0171 egy\u00e9ni konzult\u00e1ci\u00f3kkal vagy csoportmunk\u00e1val, ahol egy\u00fctt feldolgozzuk, ami probl\u00e9m\u00e1s. (l\u00e1sd <a href=\"https:\/\/www.lelektrening.hu\/?page_id=441\">M\u0171v\u00e9szetter\u00e1pia<\/a>)<\/p>\t\t\t\t\t\t<\/div>\n\t\t\t\t<\/div>\n\t\t\t\t\t<\/div>\n\t\t<\/div>\n\t\t\t\t\t<\/div>\n\t\t<\/section>\n\t\t\t\t<section class=\"elementor-section elementor-top-section elementor-element elementor-element-9867029 elementor-section-boxed elementor-section-height-default elementor-section-height-default\" data-id=\"9867029\" data-element_type=\"section\">\n\t\t\t\t\t\t<div class=\"elementor-container elementor-column-gap-default\">\n\t\t\t\t\t<div class=\"elementor-column elementor-col-100 elementor-top-column elementor-element elementor-element-faaad77\" data-id=\"faaad77\" data-element_type=\"column\">\n\t\t\t<div class=\"elementor-widget-wrap elementor-element-populated\">\n\t\t\t\t\t\t<div class=\"elementor-element elementor-element-b0ced38 elementor-align-center elementor-widget elementor-widget-button\" data-id=\"b0ced38\" data-element_type=\"widget\" data-widget_type=\"button.default\">\n\t\t\t\t<div class=\"elementor-widget-container\">\n\t\t\t\t\t<div class=\"elementor-button-wrapper\">\n\t\t\t<a class=\"elementor-button elementor-button-link elementor-size-xl elementor-animation-grow\" href=\"https:\/\/www.lelektrening.hu\/?page_id=306\">\n\t\t\t\t\t\t<span class=\"elementor-button-content-wrapper\">\n\t\t\t\t\t\t\t\t\t<span class=\"elementor-button-text\">Tov\u00e1bb a jelenkez\u00e9sre<\/span>\n\t\t\t\t\t<\/span>\n\t\t\t\t\t<\/a>\n\t\t<\/div>\n\t\t\t\t<\/div>\n\t\t\t\t<\/div>\n\t\t\t\t\t<\/div>\n\t\t<\/div>\n\t\t\t\t\t<\/div>\n\t\t<\/section>\n\t\t\t\t<\/div>\n\t\t","protected":false},"excerpt":{"rendered":"<p>Olykor el\u00e9g egy nyitott f\u00fcl, \u00e9rt\u0151 sz\u00edv \u00e9s a hangos kimond\u00e1s ahhoz, hogy benn\u00fcnk sz\u00e9pen elrendez\u0151djenek a dolgok. \u00c1rak *** Mindez \u2013 ig\u00e9ny szerint \u2013 k\u00e9s\u0151bb kieg\u00e9sz\u00edthet\u0151 ter\u00e1pi\u00e1s jelleg\u0171 egy\u00e9ni konzult\u00e1ci\u00f3kkal vagy csoportmunk\u00e1val, ahol egy\u00fctt feldolgozzuk, ami probl\u00e9m\u00e1s. (l\u00e1sd M\u0171v\u00e9szetter\u00e1pia) Tov\u00e1bb a jelenkez\u00e9sre<\/p>\n","protected":false},"author":3,"featured_media":0,"parent":0,"menu_order":0,"comment_status":"closed","ping_status":"closed","template":"","meta":{"_monsterinsights_skip_tracking":false,"_monsterinsights_sitenote_active":false,"_monsterinsights_sitenote_note":"","_monsterinsights_sitenote_category":0,"_s2mail":"yes","footnotes":""},"aioseo_notices":[],"_links":{"self":[{"href":"https:\/\/www.lelektrening.hu\/index.php?rest_route=\/wp\/v2\/pages\/548"}],"collection":[{"href":"https:\/\/www.lelektrening.hu\/index.php?rest_route=\/wp\/v2\/pages"}],"about":[{"href":"https:\/\/www.lelektrening.hu\/index.php?rest_route=\/wp\/v2\/types\/page"}],"author":[{"embeddable":true,"href":"https:\/\/www.lelektrening.hu\/index.php?rest_route=\/wp\/v2\/users\/3"}],"replies":[{"embeddable":true,"href":"https:\/\/www.lelektrening.hu\/index.php?rest_route=%2Fwp%2Fv2%2Fcomments&post=548"}],"version-history":[{"count":16,"href":"https:\/\/www.lelektrening.hu\/index.php?rest_route=\/wp\/v2\/pages\/548\/revisions"}],"predecessor-version":[{"id":725,"href":"https:\/\/www.lelektrening.hu\/index.php?rest_route=\/wp\/v2\/pages\/548\/revisions\/725"}],"wp:attachment":[{"href":"https:\/\/www.lelektrening.hu\/index.php?rest_route=%2Fwp%2Fv2%2Fmedia&parent=548"}],"curies":[{"name":"wp","href":"https:\/\/api.w.org\/{rel}","templated":true}]}}