{"id":616,"date":"2023-02-06T15:20:06","date_gmt":"2023-02-06T15:20:06","guid":{"rendered":"http:\/\/www.lelektrening.hu\/wp\/?page_id=616"},"modified":"2023-02-06T15:21:29","modified_gmt":"2023-02-06T15:21:29","slug":"tarot-kurzus","status":"publish","type":"page","link":"https:\/\/www.lelektrening.hu\/?page_id=616","title":{"rendered":"Tarot-kurzus"},"content":{"rendered":"\t\t<div data-elementor-type=\"wp-page\" data-elementor-id=\"616\" class=\"elementor elementor-616\">\n\t\t\t\t\t\t<section class=\"elementor-section elementor-top-section elementor-element elementor-element-3c00c16 elementor-section-boxed elementor-section-height-default elementor-section-height-default\" data-id=\"3c00c16\" data-element_type=\"section\">\n\t\t\t\t\t\t<div class=\"elementor-container elementor-column-gap-default\">\n\t\t\t\t\t<div class=\"elementor-column elementor-col-100 elementor-top-column elementor-element elementor-element-4be268d\" data-id=\"4be268d\" data-element_type=\"column\">\n\t\t\t<div class=\"elementor-widget-wrap elementor-element-populated\">\n\t\t\t\t\t\t<div class=\"elementor-element elementor-element-c46cded elementor-widget elementor-widget-text-editor\" data-id=\"c46cded\" data-element_type=\"widget\" data-widget_type=\"text-editor.default\">\n\t\t\t\t<div class=\"elementor-widget-container\">\n\t\t\t\t\t\t\t<p>A k\u00e1rtyacsomag k\u00e9peit az \u0151si archet\u00edpusok szimbolikus hordoz\u00f3inak tekintve megismerked\u00fcnk a jelent\u00e9s\u00fckkel \u00e9s ezek \u00f6nismereti felhaszn\u00e1l\u00e1si lehet\u0151s\u00e9g\u00e9vel.<\/p><p><br \/>(A kurzus gyakorlati r\u00e9sze kidolgoz\u00e1s alatt.)<\/p>\t\t\t\t\t\t<\/div>\n\t\t\t\t<\/div>\n\t\t\t\t\t<\/div>\n\t\t<\/div>\n\t\t\t\t\t<\/div>\n\t\t<\/section>\n\t\t\t\t<\/div>\n\t\t","protected":false},"excerpt":{"rendered":"<p>A k\u00e1rtyacsomag k\u00e9peit az \u0151si archet\u00edpusok szimbolikus hordoz\u00f3inak tekintve megismerked\u00fcnk a jelent\u00e9s\u00fckkel \u00e9s ezek \u00f6nismereti felhaszn\u00e1l\u00e1si lehet\u0151s\u00e9g\u00e9vel. (A kurzus gyakorlati r\u00e9sze kidolgoz\u00e1s alatt.)<\/p>\n","protected":false},"author":3,"featured_media":0,"parent":0,"menu_order":0,"comment_status":"closed","ping_status":"closed","template":"","meta":{"_monsterinsights_skip_tracking":false,"_monsterinsights_sitenote_active":false,"_monsterinsights_sitenote_note":"","_monsterinsights_sitenote_category":0,"_s2mail":"yes","footnotes":""},"aioseo_notices":[],"_links":{"self":[{"href":"https:\/\/www.lelektrening.hu\/index.php?rest_route=\/wp\/v2\/pages\/616"}],"collection":[{"href":"https:\/\/www.lelektrening.hu\/index.php?rest_route=\/wp\/v2\/pages"}],"about":[{"href":"https:\/\/www.lelektrening.hu\/index.php?rest_route=\/wp\/v2\/types\/page"}],"author":[{"embeddable":true,"href":"https:\/\/www.lelektrening.hu\/index.php?rest_route=\/wp\/v2\/users\/3"}],"replies":[{"embeddable":true,"href":"https:\/\/www.lelektrening.hu\/index.php?rest_route=%2Fwp%2Fv2%2Fcomments&post=616"}],"version-history":[{"count":5,"href":"https:\/\/www.lelektrening.hu\/index.php?rest_route=\/wp\/v2\/pages\/616\/revisions"}],"predecessor-version":[{"id":626,"href":"https:\/\/www.lelektrening.hu\/index.php?rest_route=\/wp\/v2\/pages\/616\/revisions\/626"}],"wp:attachment":[{"href":"https:\/\/www.lelektrening.hu\/index.php?rest_route=%2Fwp%2Fv2%2Fmedia&parent=616"}],"curies":[{"name":"wp","href":"https:\/\/api.w.org\/{rel}","templated":true}]}}